{"id":18,"date":"2014-02-09T22:10:14","date_gmt":"2014-02-09T20:10:14","guid":{"rendered":"https:\/\/dorfgemeinschaft-sprollenhaus.de\/?page_id=18"},"modified":"2019-03-12T20:57:47","modified_gmt":"2019-03-12T19:57:47","slug":"mitglied-werden","status":"publish","type":"page","link":"https:\/\/dorfgemeinschaft-sprollenhaus.de\/?page_id=18","title":{"rendered":"Mitglied werden"},"content":{"rendered":"<p>Sie sind noch nicht Mitglied der Dorfgemeinschaft Sprollenhaus 2008 e.V.? Hier k\u00f6nnen Sie sich das Beitrittsformular herunterladen! Der j\u00e4hrliche Mitgliesbeitrag betr\u00e4gt:<\/p>\n<p>Einzelmitgliedschaft: 10,00 Euro<br \/>\nFamilienmitgliedschaft: 15,00 Euro<\/p>\n<p><a href=\"https:\/\/dorfgemeinschaft-sprollenhaus.de\/wp-content\/uploads\/2019\/03\/Betrittserklaerung-blanko_neu.pdf\" target=\"_blank\" rel=\"noopener noreferrer\">Betrittserklaerung herunterladen<\/a><\/p>\n<p>Senden Sie das ausgef\u00fcllte und eigenh\u00e4ndig unterschriebene Formular bitte an:<\/p>\n<p>Dorfgemeinschaft Sprollenhaus 2008 e.V.<br \/>\nz.H.<br \/>\nRainer Weiss<br \/>\nKaltenbronnerstr. 26<br \/>\n75323 Bad Wildbad<\/p>\n","protected":false},"excerpt":{"rendered":"<p>Sie sind noch nicht Mitglied der Dorfgemeinschaft Sprollenhaus 2008 e.V.? Hier k\u00f6nnen Sie sich das Beitrittsformular herunterladen! Der j\u00e4hrliche Mitgliesbeitrag betr\u00e4gt: Einzelmitgliedschaft: 10,00 Euro Familienmitgliedschaft: 15,00 Euro Betrittserklaerung herunterladen Senden Sie das ausgef\u00fcllte und eigenh\u00e4ndig unterschriebene Formular bitte an: Dorfgemeinschaft Sprollenhaus 2008 e.V. z.H. Rainer Weiss Kaltenbronnerstr. 26 75323 Bad Wildbad<\/p>\n","protected":false},"author":1,"featured_media":0,"parent":0,"menu_order":0,"comment_status":"closed","ping_status":"closed","template":"","meta":{"ngg_post_thumbnail":0,"footnotes":""},"class_list":["post-18","page","type-page","status-publish","hentry"],"aioseo_notices":[],"_links":{"self":[{"href":"https:\/\/dorfgemeinschaft-sprollenhaus.de\/index.php?rest_route=\/wp\/v2\/pages\/18","targetHints":{"allow":["GET"]}}],"collection":[{"href":"https:\/\/dorfgemeinschaft-sprollenhaus.de\/index.php?rest_route=\/wp\/v2\/pages"}],"about":[{"href":"https:\/\/dorfgemeinschaft-sprollenhaus.de\/index.php?rest_route=\/wp\/v2\/types\/page"}],"author":[{"embeddable":true,"href":"https:\/\/dorfgemeinschaft-sprollenhaus.de\/index.php?rest_route=\/wp\/v2\/users\/1"}],"replies":[{"embeddable":true,"href":"https:\/\/dorfgemeinschaft-sprollenhaus.de\/index.php?rest_route=%2Fwp%2Fv2%2Fcomments&post=18"}],"version-history":[{"count":7,"href":"https:\/\/dorfgemeinschaft-sprollenhaus.de\/index.php?rest_route=\/wp\/v2\/pages\/18\/revisions"}],"predecessor-version":[{"id":1394,"href":"https:\/\/dorfgemeinschaft-sprollenhaus.de\/index.php?rest_route=\/wp\/v2\/pages\/18\/revisions\/1394"}],"wp:attachment":[{"href":"https:\/\/dorfgemeinschaft-sprollenhaus.de\/index.php?rest_route=%2Fwp%2Fv2%2Fmedia&parent=18"}],"curies":[{"name":"wp","href":"https:\/\/api.w.org\/{rel}","templated":true}]}}