{"id":38,"date":"2014-02-09T22:58:05","date_gmt":"2014-02-09T20:58:05","guid":{"rendered":"https:\/\/dorfgemeinschaft-sprollenhaus.de\/?page_id=38"},"modified":"2014-02-16T22:01:56","modified_gmt":"2014-02-16T21:01:56","slug":"herzlich-willkommen","status":"publish","type":"page","link":"https:\/\/dorfgemeinschaft-sprollenhaus.de\/","title":{"rendered":"Herzlich Willkommen"},"content":{"rendered":"<p>Herzlich willkommen auf den Internetseiten der Dorfgemeinschaft Sprollenhaus 2008 e.V. Hier erfahren Sie Interessantes und Wissenswertes zu unserem Verein.<\/p>\n<p>Wir haben es zu unseren Aufgaben gemacht, die d\u00f6rfliche Gemeinschaft im Bad Wildbader Teilort Sprollenhaus zu erhalten und zu pflegen. Dazu geh\u00f6rt unter anderem die F\u00f6rderung des traditionellen und regionalen Brauchtums, des Heimatgedankens sowie die Aufarbeitung der Ortsgeschichte und die entsprechende Dokumentation.<\/p>\n<p>Auch der Betrieb des gemeinschaftlichen Backhauses sowie Pflege und Erhalt des Dorfplatzes z\u00e4hlt zu unseren T\u00e4tigkeiten. Besonderen Stellenwert nimmt die Instandhaltung und Pflege des Historischen Rundwanderweges Sprollenhaus ein.<\/p>\n","protected":false},"excerpt":{"rendered":"<p>Herzlich willkommen auf den Internetseiten der Dorfgemeinschaft Sprollenhaus 2008 e.V. Hier erfahren Sie Interessantes und Wissenswertes zu unserem Verein. Wir haben es zu unseren Aufgaben gemacht, die d\u00f6rfliche Gemeinschaft im Bad Wildbader Teilort Sprollenhaus zu erhalten und zu pflegen. Dazu geh\u00f6rt unter anderem die F\u00f6rderung des traditionellen und regionalen Brauchtums, des Heimatgedankens sowie die Aufarbeitung [&hellip;]<\/p>\n","protected":false},"author":1,"featured_media":0,"parent":0,"menu_order":0,"comment_status":"closed","ping_status":"closed","template":"page-templates\/front-page.php","meta":{"ngg_post_thumbnail":0,"footnotes":""},"class_list":["post-38","page","type-page","status-publish","hentry"],"aioseo_notices":[],"_links":{"self":[{"href":"https:\/\/dorfgemeinschaft-sprollenhaus.de\/index.php?rest_route=\/wp\/v2\/pages\/38","targetHints":{"allow":["GET"]}}],"collection":[{"href":"https:\/\/dorfgemeinschaft-sprollenhaus.de\/index.php?rest_route=\/wp\/v2\/pages"}],"about":[{"href":"https:\/\/dorfgemeinschaft-sprollenhaus.de\/index.php?rest_route=\/wp\/v2\/types\/page"}],"author":[{"embeddable":true,"href":"https:\/\/dorfgemeinschaft-sprollenhaus.de\/index.php?rest_route=\/wp\/v2\/users\/1"}],"replies":[{"embeddable":true,"href":"https:\/\/dorfgemeinschaft-sprollenhaus.de\/index.php?rest_route=%2Fwp%2Fv2%2Fcomments&post=38"}],"version-history":[{"count":3,"href":"https:\/\/dorfgemeinschaft-sprollenhaus.de\/index.php?rest_route=\/wp\/v2\/pages\/38\/revisions"}],"predecessor-version":[{"id":767,"href":"https:\/\/dorfgemeinschaft-sprollenhaus.de\/index.php?rest_route=\/wp\/v2\/pages\/38\/revisions\/767"}],"wp:attachment":[{"href":"https:\/\/dorfgemeinschaft-sprollenhaus.de\/index.php?rest_route=%2Fwp%2Fv2%2Fmedia&parent=38"}],"curies":[{"name":"wp","href":"https:\/\/api.w.org\/{rel}","templated":true}]}}